{"id":1256,"date":"2012-05-23T14:04:19","date_gmt":"2012-05-23T13:04:19","guid":{"rendered":"https:\/\/www.schluesseldienstberlin.de\/berlin-kreuzberg"},"modified":"2025-01-09T15:00:31","modified_gmt":"2025-01-09T14:00:31","slug":"berlin-kreuzberg","status":"publish","type":"page","link":"https:\/\/www.schluesseldienstberlin.de\/en\/berlin-kreuzberg","title":{"rendered":"Kreuzberg"},"content":{"rendered":"<h1>Locksmith Service Berlin Kreuzberg<\/h1>\n<h2>For over 40 years, Melzer GmbH has been your locksmith service in Berlin Kreuzberg<\/h2>\n<div id=\"attachment_1054\" style=\"width: 310px\" class=\"wp-caption alignright\"><img loading=\"lazy\" decoding=\"async\" aria-describedby=\"caption-attachment-1054\" src=\"https:\/\/www.schluesseldienstberlin.de\/wp-content\/uploads\/2021\/03\/mobil_img.png\" alt=\"Locksmith Service Berlin Kreuzberg - we come immediately\" width=\"300\" height=\"300\" class=\"alignright size wp-image-1151\" srcset=\"https:\/\/www.schluesseldienstberlin.de\/wp-content\/uploads\/2021\/03\/mobil_img.png 300w, https:\/\/www.schluesseldienstberlin.de\/wp-content\/uploads\/2021\/03\/mobil_img-150x150.png 150w, https:\/\/www.schluesseldienstberlin.de\/wp-content\/uploads\/2021\/03\/mobil_img-200x200.png 200w\" sizes=\"auto, (max-width: 300px) 100vw, 300px\" \/><\/p>\n<p id=\"caption-attachment-1054\" class=\"wp-caption-text\">Locksmith Service Berlin Kreuzberg &#8211; we come immediately<\/p>\n<\/div>\n<p><strong>Locked out? Lost your key?<\/strong><\/p>\n<p><strong>Do you want an experienced locksmith service for your Kreuzberg neighborhood that guarantees a fixed price?<\/strong><\/p>\n<p><strong>Call us at 030 \/ 322 40 39<\/strong><\/p>\n<p><strong>Our Guarantee:<\/strong><\/p>\n<ul class=\"znbr\">\n<li>Available 24\/7<\/li>\n<li>Fixed price guarantee<\/li>\n<li>Short waiting times<\/li>\n<li>Affordable<\/li>\n<li>Reliable<\/li>\n<li>Reputable<\/li>\n<li>Fixed price over the phone<\/li>\n<li>Member of the Berlin Chamber of Crafts<\/li>\n<\/ul>\n<p>Are you standing in front of your locked Kreuzberg apartment door? Have you lost your key, or has your key broken off and is stuck in the cylinder?! Then our locksmith service <a href=\"http:\/\/www.tourguideme-berlin.com\">Berlin<\/a> Kreuzberg, with years of experience, is exactly right for you.<\/p>\n<p>Our employees are so well-trained that we can open your closed door with 99% certainty without causing damage. However, if you have locked your door and we may need to drill out your lock cylinder, we naturally have the appropriate cylinder in our service vehicle on-site. Kreuzberg has a lot of historical buildings that we specialize in. From Oranienstra\u00dfe to Kreuzbergstra\u00dfe or from S\u00fcdstern to Mehringdamm \u2013 our emergency locksmith service is always on duty for you.<\/p>\n<h3><strong>No long waiting times with your Locksmith Service Berlin Kreuzberg<\/strong><\/h3>\n<p>No matter what time you have locked yourself out, our locksmith service is on duty for you 24\/7! Security technology is particularly important in Kreuzberg. Why not get a free consultation from us? Protecting your privacy should be a priority. With so many forced entries in Berlin Kreuzberg, prevention, meaning the right security technology, is essential. Please speak to our technician on-site.<\/p>\n<p><strong>Our Fixed Price Guarantee in Berlin Kreuzberg<\/strong><\/p>\n<p>We do not scam our Kreuzberg customers! We only work with a fixed price guarantee. Everything with us is transparent. Every type of door opening has its own price. It is very important for us that you tell us over the phone as accurately as possible what problem you have with your door. Opening a pulled door naturally requires less effort than opening a locked door. A good reputation is very important to us for being recommended further. Beware of bait offers!<\/p>\n<h3><strong>Emergency Service and Door Opening in Berlin Kreuzberg<\/strong><\/h3>\n<p>Approximately 150,000 residents live in Berlin Kreuzberg in the postal code areas 10961, 10963, 10965, 10967, 10997, 10999, 10969. Our emergency service is available for you in the aforementioned postal codes 24 hours a day, 7 days a week. There is almost no door in Kreuzberg that we cannot open.<\/p>\n<p><strong>How can you pay us?<\/strong><\/p>\n<p>\u2013 <strong>Cash payment<\/strong><br \/>\n\u2013 <strong>By debit card<\/strong><\/p>\n<p><strong>Of course, you only pay when the door is opened!<\/strong><\/p>\n<p>Please do not hesitate to call us; we are happy to advise you over the phone at 030 \/ 322 40 39<\/p>\n<p>Your <a href=\"http:\/\/www.schluesseldienstberlin.de\/en\/\">Locksmith Service Berlin<\/a> Kreuzberg<\/p>\n","protected":false},"excerpt":{"rendered":"","protected":false},"author":5,"featured_media":0,"parent":0,"menu_order":0,"comment_status":"closed","ping_status":"closed","template":"","meta":{"footnotes":""},"class_list":["post-1256","page","type-page","status-publish","hentry"],"yoast_head":"<!-- This site is optimized with the Yoast SEO plugin v24.2 - https:\/\/yoast.com\/wordpress\/plugins\/seo\/ -->\n<title>Locksmith Berlin Kreuzberg | Schl\u00fcsselnotdienst Melzer<\/title>\n<meta name=\"description\" content=\"Locksmith Berlin Kreuzberg. Dial 030-322 40 39 for Berlin Kreuzberg. Fast and with a fixed price guarantee. Emergency locksmith service for more than 40 years in Berlin and Berlin Kreuzberg. We will be with you in 30 minutes.\" \/>\n<meta name=\"robots\" content=\"index, follow, max-snippet:-1, max-image-preview:large, max-video-preview:-1\" \/>\n<link rel=\"canonical\" href=\"https:\/\/www.schluesseldienstberlin.de\/en\/berlin-kreuzberg\" \/>\n<meta property=\"og:locale\" content=\"en_US\" \/>\n<meta property=\"og:type\" content=\"article\" \/>\n<meta property=\"og:title\" content=\"Locksmith Berlin Kreuzberg | Schl\u00fcsselnotdienst Melzer\" \/>\n<meta property=\"og:description\" content=\"Locksmith Berlin Kreuzberg. Dial 030-322 40 39 for Berlin Kreuzberg. Fast and with a fixed price guarantee. Emergency locksmith service for more than 40 years in Berlin and Berlin Kreuzberg. We will be with you in 30 minutes.\" \/>\n<meta property=\"og:url\" content=\"https:\/\/www.schluesseldienstberlin.de\/en\/berlin-kreuzberg\" \/>\n<meta property=\"og:site_name\" content=\"MELZER GmbH - Ihr Schl\u00fcsseldienst in Berlin\" \/>\n<meta property=\"article:modified_time\" content=\"2025-01-09T14:00:31+00:00\" \/>\n<meta property=\"og:image\" content=\"https:\/\/www.schluesseldienstberlin.de\/wp-content\/uploads\/2021\/03\/mobil_img.png\" \/>\n\t<meta property=\"og:image:width\" content=\"300\" \/>\n\t<meta property=\"og:image:height\" content=\"300\" \/>\n\t<meta property=\"og:image:type\" content=\"image\/png\" \/>\n<meta name=\"twitter:card\" content=\"summary_large_image\" \/>\n<meta name=\"twitter:label1\" content=\"Est. reading time\" \/>\n\t<meta name=\"twitter:data1\" content=\"3 minutes\" \/>\n<script type=\"application\/ld+json\" class=\"yoast-schema-graph\">{\"@context\":\"https:\/\/schema.org\",\"@graph\":[{\"@type\":\"WebPage\",\"@id\":\"https:\/\/www.schluesseldienstberlin.de\/en\/berlin-kreuzberg\",\"url\":\"https:\/\/www.schluesseldienstberlin.de\/en\/berlin-kreuzberg\",\"name\":\"Locksmith Berlin Kreuzberg | Schl\u00fcsselnotdienst Melzer\",\"isPartOf\":{\"@id\":\"https:\/\/www.schluesseldienstberlin.de\/en#website\"},\"primaryImageOfPage\":{\"@id\":\"https:\/\/www.schluesseldienstberlin.de\/en\/berlin-kreuzberg#primaryimage\"},\"image\":{\"@id\":\"https:\/\/www.schluesseldienstberlin.de\/en\/berlin-kreuzberg#primaryimage\"},\"thumbnailUrl\":\"https:\/\/www.schluesseldienstberlin.de\/wp-content\/uploads\/2021\/03\/mobil_img.png\",\"datePublished\":\"2012-05-23T13:04:19+00:00\",\"dateModified\":\"2025-01-09T14:00:31+00:00\",\"description\":\"Locksmith Berlin Kreuzberg. Dial 030-322 40 39 for Berlin Kreuzberg. Fast and with a fixed price guarantee. Emergency locksmith service for more than 40 years in Berlin and Berlin Kreuzberg. We will be with you in 30 minutes.\",\"breadcrumb\":{\"@id\":\"https:\/\/www.schluesseldienstberlin.de\/en\/berlin-kreuzberg#breadcrumb\"},\"inLanguage\":\"en-US\",\"potentialAction\":[{\"@type\":\"ReadAction\",\"target\":[\"https:\/\/www.schluesseldienstberlin.de\/en\/berlin-kreuzberg\"]}]},{\"@type\":\"ImageObject\",\"inLanguage\":\"en-US\",\"@id\":\"https:\/\/www.schluesseldienstberlin.de\/en\/berlin-kreuzberg#primaryimage\",\"url\":\"https:\/\/www.schluesseldienstberlin.de\/wp-content\/uploads\/2021\/03\/mobil_img.png\",\"contentUrl\":\"https:\/\/www.schluesseldienstberlin.de\/wp-content\/uploads\/2021\/03\/mobil_img.png\"},{\"@type\":\"BreadcrumbList\",\"@id\":\"https:\/\/www.schluesseldienstberlin.de\/en\/berlin-kreuzberg#breadcrumb\",\"itemListElement\":[{\"@type\":\"ListItem\",\"position\":1,\"name\":\"Startseite\",\"item\":\"https:\/\/www.schluesseldienstberlin.de\/en\"},{\"@type\":\"ListItem\",\"position\":2,\"name\":\"Kreuzberg\"}]},{\"@type\":\"WebSite\",\"@id\":\"https:\/\/www.schluesseldienstberlin.de\/en#website\",\"url\":\"https:\/\/www.schluesseldienstberlin.de\/en\",\"name\":\"MELZER GmbH - Ihr Schl\u00fcsseldienst in Berlin\",\"description\":\"Sicherheitstechnik . Mitglied der Handwerkskammer Berlin\",\"potentialAction\":[{\"@type\":\"SearchAction\",\"target\":{\"@type\":\"EntryPoint\",\"urlTemplate\":\"https:\/\/www.schluesseldienstberlin.de\/en?s={search_term_string}\"},\"query-input\":{\"@type\":\"PropertyValueSpecification\",\"valueRequired\":true,\"valueName\":\"search_term_string\"}}],\"inLanguage\":\"en-US\"}]}<\/script>\n<!-- \/ Yoast SEO plugin. -->","yoast_head_json":{"title":"Locksmith Berlin Kreuzberg | Schl\u00fcsselnotdienst Melzer","description":"Locksmith Berlin Kreuzberg. Dial 030-322 40 39 for Berlin Kreuzberg. Fast and with a fixed price guarantee. Emergency locksmith service for more than 40 years in Berlin and Berlin Kreuzberg. We will be with you in 30 minutes.","robots":{"index":"index","follow":"follow","max-snippet":"max-snippet:-1","max-image-preview":"max-image-preview:large","max-video-preview":"max-video-preview:-1"},"canonical":"https:\/\/www.schluesseldienstberlin.de\/en\/berlin-kreuzberg","og_locale":"en_US","og_type":"article","og_title":"Locksmith Berlin Kreuzberg | Schl\u00fcsselnotdienst Melzer","og_description":"Locksmith Berlin Kreuzberg. Dial 030-322 40 39 for Berlin Kreuzberg. Fast and with a fixed price guarantee. Emergency locksmith service for more than 40 years in Berlin and Berlin Kreuzberg. We will be with you in 30 minutes.","og_url":"https:\/\/www.schluesseldienstberlin.de\/en\/berlin-kreuzberg","og_site_name":"MELZER GmbH - Ihr Schl\u00fcsseldienst in Berlin","article_modified_time":"2025-01-09T14:00:31+00:00","og_image":[{"width":300,"height":300,"url":"https:\/\/www.schluesseldienstberlin.de\/wp-content\/uploads\/2021\/03\/mobil_img.png","type":"image\/png"}],"twitter_card":"summary_large_image","twitter_misc":{"Est. reading time":"3 minutes"},"schema":{"@context":"https:\/\/schema.org","@graph":[{"@type":"WebPage","@id":"https:\/\/www.schluesseldienstberlin.de\/en\/berlin-kreuzberg","url":"https:\/\/www.schluesseldienstberlin.de\/en\/berlin-kreuzberg","name":"Locksmith Berlin Kreuzberg | Schl\u00fcsselnotdienst Melzer","isPartOf":{"@id":"https:\/\/www.schluesseldienstberlin.de\/en#website"},"primaryImageOfPage":{"@id":"https:\/\/www.schluesseldienstberlin.de\/en\/berlin-kreuzberg#primaryimage"},"image":{"@id":"https:\/\/www.schluesseldienstberlin.de\/en\/berlin-kreuzberg#primaryimage"},"thumbnailUrl":"https:\/\/www.schluesseldienstberlin.de\/wp-content\/uploads\/2021\/03\/mobil_img.png","datePublished":"2012-05-23T13:04:19+00:00","dateModified":"2025-01-09T14:00:31+00:00","description":"Locksmith Berlin Kreuzberg. Dial 030-322 40 39 for Berlin Kreuzberg. Fast and with a fixed price guarantee. Emergency locksmith service for more than 40 years in Berlin and Berlin Kreuzberg. We will be with you in 30 minutes.","breadcrumb":{"@id":"https:\/\/www.schluesseldienstberlin.de\/en\/berlin-kreuzberg#breadcrumb"},"inLanguage":"en-US","potentialAction":[{"@type":"ReadAction","target":["https:\/\/www.schluesseldienstberlin.de\/en\/berlin-kreuzberg"]}]},{"@type":"ImageObject","inLanguage":"en-US","@id":"https:\/\/www.schluesseldienstberlin.de\/en\/berlin-kreuzberg#primaryimage","url":"https:\/\/www.schluesseldienstberlin.de\/wp-content\/uploads\/2021\/03\/mobil_img.png","contentUrl":"https:\/\/www.schluesseldienstberlin.de\/wp-content\/uploads\/2021\/03\/mobil_img.png"},{"@type":"BreadcrumbList","@id":"https:\/\/www.schluesseldienstberlin.de\/en\/berlin-kreuzberg#breadcrumb","itemListElement":[{"@type":"ListItem","position":1,"name":"Startseite","item":"https:\/\/www.schluesseldienstberlin.de\/en"},{"@type":"ListItem","position":2,"name":"Kreuzberg"}]},{"@type":"WebSite","@id":"https:\/\/www.schluesseldienstberlin.de\/en#website","url":"https:\/\/www.schluesseldienstberlin.de\/en","name":"MELZER GmbH - Ihr Schl\u00fcsseldienst in Berlin","description":"Sicherheitstechnik . Mitglied der Handwerkskammer Berlin","potentialAction":[{"@type":"SearchAction","target":{"@type":"EntryPoint","urlTemplate":"https:\/\/www.schluesseldienstberlin.de\/en?s={search_term_string}"},"query-input":{"@type":"PropertyValueSpecification","valueRequired":true,"valueName":"search_term_string"}}],"inLanguage":"en-US"}]}},"_links":{"self":[{"href":"https:\/\/www.schluesseldienstberlin.de\/en\/wp-json\/wp\/v2\/pages\/1256","targetHints":{"allow":["GET"]}}],"collection":[{"href":"https:\/\/www.schluesseldienstberlin.de\/en\/wp-json\/wp\/v2\/pages"}],"about":[{"href":"https:\/\/www.schluesseldienstberlin.de\/en\/wp-json\/wp\/v2\/types\/page"}],"author":[{"embeddable":true,"href":"https:\/\/www.schluesseldienstberlin.de\/en\/wp-json\/wp\/v2\/users\/5"}],"replies":[{"embeddable":true,"href":"https:\/\/www.schluesseldienstberlin.de\/en\/wp-json\/wp\/v2\/comments?post=1256"}],"version-history":[{"count":2,"href":"https:\/\/www.schluesseldienstberlin.de\/en\/wp-json\/wp\/v2\/pages\/1256\/revisions"}],"predecessor-version":[{"id":1258,"href":"https:\/\/www.schluesseldienstberlin.de\/en\/wp-json\/wp\/v2\/pages\/1256\/revisions\/1258"}],"wp:attachment":[{"href":"https:\/\/www.schluesseldienstberlin.de\/en\/wp-json\/wp\/v2\/media?parent=1256"}],"curies":[{"name":"wp","href":"https:\/\/api.w.org\/{rel}","templated":true}]}}