{"id":1269,"date":"2011-04-12T10:51:14","date_gmt":"2011-04-12T09:51:14","guid":{"rendered":"https:\/\/www.schluesseldienstberlin.de\/berlin-reinickendorf"},"modified":"2025-01-09T15:27:02","modified_gmt":"2025-01-09T14:27:02","slug":"berlin-reinickendorf","status":"publish","type":"page","link":"https:\/\/www.schluesseldienstberlin.de\/en\/berlin-reinickendorf","title":{"rendered":"Reinickendorf"},"content":{"rendered":"<h1>Locksmith Service Berlin Reinickendorf<\/h1>\n<div id=\"attachment_1054\" style=\"width: 310px\" class=\"wp-caption alignright\"><img loading=\"lazy\" decoding=\"async\" aria-describedby=\"caption-attachment-1054\" src=\"https:\/\/www.schluesseldienstberlin.de\/wp-content\/uploads\/2021\/03\/mobil_img.png\" alt=\"Locksmith Service Berlin Reinickendorf - we come immediately\" width=\"300\" height=\"300\" class=\"alignright size wp-image-1151\" srcset=\"https:\/\/www.schluesseldienstberlin.de\/wp-content\/uploads\/2021\/03\/mobil_img.png 300w, https:\/\/www.schluesseldienstberlin.de\/wp-content\/uploads\/2021\/03\/mobil_img-150x150.png 150w, https:\/\/www.schluesseldienstberlin.de\/wp-content\/uploads\/2021\/03\/mobil_img-200x200.png 200w\" sizes=\"auto, (max-width: 300px) 100vw, 300px\" \/><\/p>\n<p id=\"caption-attachment-1054\" class=\"wp-caption-text\">Locksmith Service Berlin Reinickendorf &#8211; we come immediately<\/p>\n<\/div>\n<p><strong>Locked out? Lost your key?<\/strong><\/p>\n<p><strong>Do you want an experienced locksmith service for your Reinickendorf neighborhood that guarantees a fixed price and is reputable?<\/strong><\/p>\n<p><strong>Then call us at 030 \/ 322 40 39<\/strong><\/p>\n<p><strong>Our Guarantee for You in Your Reinickendorf Neighborhood<\/strong><\/p>\n<ul class=\"znbr\">\n<li>Available 24\/7<\/li>\n<li>Fixed price guarantee<\/li>\n<li>Short waiting times<\/li>\n<li>Affordable<\/li>\n<li>Reliable<\/li>\n<li>Reputable<\/li>\n<li>Fixed price over the phone<\/li>\n<li>Member of the Berlin Chamber of Crafts<\/li>\n<\/ul>\n<h2>Your Emergency Locksmith for Berlin Reinickendorf<\/h2>\n<p>Around Kurt-Schumacher-Platz and right under the flight path of Tegel Airport, we are at your service as an emergency locksmith 24\/7, 365 days a year. From Eichborndamm to Residenzstra\u00dfe and throughout M\u00e4rkisches Viertel, we will open your doors at a guaranteed fixed price. Whether you run a shop on Scharnweberstra\u00dfe or live in a rented apartment by Paracelsus-Bad, we will open your door quickly and reliably.<\/p>\n<h3>A recurring topic in Berlin Reinickendorf is security technology.<\/h3>\n<p>Various burglaries could be avoided through the proper use of security locks. Please do not wait until it\u2019s too late; feel free to ask our technicians on-site for advice on this topic. We are happy to provide you with a free consultation.<\/p>\n<p><strong>No long waiting times!<\/strong><\/p>\n<p>Whether you lost your key while shopping on Gorkistra\u00dfe, on Berliner Stra\u00dfe, in the Hallen am Borsigturm, or during a visit to the numerous caf\u00e9s around Zeltinger Platz, you can reach us around the clock, even on weekends and public holidays. We are waiting for your call. With 99% certainty, we can open your closed door without causing damage. Should we have to drill out your cylinder because your door is locked, we naturally carry all common cylinders with us during our tours through Berlin Reinickendorf. That way, we have the right cylinder ready for every door. We only work with reputable cylinder manufacturers.<\/p>\n<h3>Our Fixed Price Guarantee in Berlin Reinickendorf<\/h3>\n<p>Beware of locksmith scams in Reinickendorf! In our industry, it is common to advertise attractive offers over the phone or in advertisements that can lead to unpleasant surprises at the end. Our trained locksmith staff can provide you with an accurate quote over the phone. With us, there are no hidden costs, only a fixed price. Our Reinickendorf customers greatly appreciate this. After all, we want to leave you with a good impression. Our motto is: \u201cThose who ask the right questions at the beginning can offer their customers the appropriate solution at the end.\u201d<\/p>\n<h4>Emergency Service and Door Opening in Berlin Reinickendorf<\/h4>\n<p>Around 210,000 people live in Berlin Reinickendorf in postal code areas 13403, 13407, 13409, 13435, 13437, 13439, 13469, 13465, 13467. As an emergency locksmith service, we are also active in the districts of Wittenau, Heiligensee, Tegel, Frohnau, Hermsdorf, L\u00fcbars, Waidmannlust, Konradsh\u00f6he, Borsigwalde, and M\u00e4rkisches Viertel to perform emergency door openings.<\/p>\n<p><strong>How can you pay us?<\/strong><\/p>\n<p>\u2013 <strong>Cash payment<\/strong><br \/>\n\u2013 <strong>By debit card<\/strong><\/p>\n<p><strong>Of course, you only pay when the door is opened!<\/strong><\/p>\n<p>Call us now. We will happily advise you over the phone at <strong>030 \/ 322 40 39<\/strong>.<\/p>\n<p>Your friendly emergency locksmith service for Berlin Reinickendorf<\/p>\n","protected":false},"excerpt":{"rendered":"","protected":false},"author":5,"featured_media":0,"parent":0,"menu_order":0,"comment_status":"closed","ping_status":"closed","template":"","meta":{"footnotes":""},"class_list":["post-1269","page","type-page","status-publish","hentry"],"yoast_head":"<!-- This site is optimized with the Yoast SEO plugin v24.2 - https:\/\/yoast.com\/wordpress\/plugins\/seo\/ -->\n<title>Locksmith Berlin Reinickendorf | Locksmith emergency service<\/title>\n<meta name=\"description\" content=\"Locksmith service Berlin Reinickendorf. Fixed price guarantee also for the districts of Wittenau, Tegel, Tegelort, Frohnau, Heiligensee, L\u00fcbars and Hermsdorf. Phone 030 - 322 40 39\" \/>\n<meta name=\"robots\" content=\"index, follow, max-snippet:-1, max-image-preview:large, max-video-preview:-1\" \/>\n<link rel=\"canonical\" href=\"https:\/\/www.schluesseldienstberlin.de\/en\/berlin-reinickendorf\" \/>\n<meta property=\"og:locale\" content=\"en_US\" \/>\n<meta property=\"og:type\" content=\"article\" \/>\n<meta property=\"og:title\" content=\"Locksmith Berlin Reinickendorf | Locksmith emergency service\" \/>\n<meta property=\"og:description\" content=\"Locksmith service Berlin Reinickendorf. Fixed price guarantee also for the districts of Wittenau, Tegel, Tegelort, Frohnau, Heiligensee, L\u00fcbars and Hermsdorf. Phone 030 - 322 40 39\" \/>\n<meta property=\"og:url\" content=\"https:\/\/www.schluesseldienstberlin.de\/en\/berlin-reinickendorf\" \/>\n<meta property=\"og:site_name\" content=\"MELZER GmbH - Ihr Schl\u00fcsseldienst in Berlin\" \/>\n<meta property=\"article:modified_time\" content=\"2025-01-09T14:27:02+00:00\" \/>\n<meta property=\"og:image\" content=\"https:\/\/www.schluesseldienstberlin.de\/wp-content\/uploads\/2021\/03\/mobil_img.png\" \/>\n\t<meta property=\"og:image:width\" content=\"300\" \/>\n\t<meta property=\"og:image:height\" content=\"300\" \/>\n\t<meta property=\"og:image:type\" content=\"image\/png\" \/>\n<meta name=\"twitter:card\" content=\"summary_large_image\" \/>\n<meta name=\"twitter:label1\" content=\"Est. reading time\" \/>\n\t<meta name=\"twitter:data1\" content=\"3 minutes\" \/>\n<script type=\"application\/ld+json\" class=\"yoast-schema-graph\">{\"@context\":\"https:\/\/schema.org\",\"@graph\":[{\"@type\":\"WebPage\",\"@id\":\"https:\/\/www.schluesseldienstberlin.de\/en\/berlin-reinickendorf\",\"url\":\"https:\/\/www.schluesseldienstberlin.de\/en\/berlin-reinickendorf\",\"name\":\"Locksmith Berlin Reinickendorf | Locksmith emergency service\",\"isPartOf\":{\"@id\":\"https:\/\/www.schluesseldienstberlin.de\/en#website\"},\"primaryImageOfPage\":{\"@id\":\"https:\/\/www.schluesseldienstberlin.de\/en\/berlin-reinickendorf#primaryimage\"},\"image\":{\"@id\":\"https:\/\/www.schluesseldienstberlin.de\/en\/berlin-reinickendorf#primaryimage\"},\"thumbnailUrl\":\"https:\/\/www.schluesseldienstberlin.de\/wp-content\/uploads\/2021\/03\/mobil_img.png\",\"datePublished\":\"2011-04-12T09:51:14+00:00\",\"dateModified\":\"2025-01-09T14:27:02+00:00\",\"description\":\"Locksmith service Berlin Reinickendorf. Fixed price guarantee also for the districts of Wittenau, Tegel, Tegelort, Frohnau, Heiligensee, L\u00fcbars and Hermsdorf. Phone 030 - 322 40 39\",\"breadcrumb\":{\"@id\":\"https:\/\/www.schluesseldienstberlin.de\/en\/berlin-reinickendorf#breadcrumb\"},\"inLanguage\":\"en-US\",\"potentialAction\":[{\"@type\":\"ReadAction\",\"target\":[\"https:\/\/www.schluesseldienstberlin.de\/en\/berlin-reinickendorf\"]}]},{\"@type\":\"ImageObject\",\"inLanguage\":\"en-US\",\"@id\":\"https:\/\/www.schluesseldienstberlin.de\/en\/berlin-reinickendorf#primaryimage\",\"url\":\"https:\/\/www.schluesseldienstberlin.de\/wp-content\/uploads\/2021\/03\/mobil_img.png\",\"contentUrl\":\"https:\/\/www.schluesseldienstberlin.de\/wp-content\/uploads\/2021\/03\/mobil_img.png\"},{\"@type\":\"BreadcrumbList\",\"@id\":\"https:\/\/www.schluesseldienstberlin.de\/en\/berlin-reinickendorf#breadcrumb\",\"itemListElement\":[{\"@type\":\"ListItem\",\"position\":1,\"name\":\"Startseite\",\"item\":\"https:\/\/www.schluesseldienstberlin.de\/en\"},{\"@type\":\"ListItem\",\"position\":2,\"name\":\"Reinickendorf\"}]},{\"@type\":\"WebSite\",\"@id\":\"https:\/\/www.schluesseldienstberlin.de\/en#website\",\"url\":\"https:\/\/www.schluesseldienstberlin.de\/en\",\"name\":\"MELZER GmbH - Ihr Schl\u00fcsseldienst in Berlin\",\"description\":\"Sicherheitstechnik . Mitglied der Handwerkskammer Berlin\",\"potentialAction\":[{\"@type\":\"SearchAction\",\"target\":{\"@type\":\"EntryPoint\",\"urlTemplate\":\"https:\/\/www.schluesseldienstberlin.de\/en?s={search_term_string}\"},\"query-input\":{\"@type\":\"PropertyValueSpecification\",\"valueRequired\":true,\"valueName\":\"search_term_string\"}}],\"inLanguage\":\"en-US\"}]}<\/script>\n<!-- \/ Yoast SEO plugin. -->","yoast_head_json":{"title":"Locksmith Berlin Reinickendorf | Locksmith emergency service","description":"Locksmith service Berlin Reinickendorf. Fixed price guarantee also for the districts of Wittenau, Tegel, Tegelort, Frohnau, Heiligensee, L\u00fcbars and Hermsdorf. Phone 030 - 322 40 39","robots":{"index":"index","follow":"follow","max-snippet":"max-snippet:-1","max-image-preview":"max-image-preview:large","max-video-preview":"max-video-preview:-1"},"canonical":"https:\/\/www.schluesseldienstberlin.de\/en\/berlin-reinickendorf","og_locale":"en_US","og_type":"article","og_title":"Locksmith Berlin Reinickendorf | Locksmith emergency service","og_description":"Locksmith service Berlin Reinickendorf. Fixed price guarantee also for the districts of Wittenau, Tegel, Tegelort, Frohnau, Heiligensee, L\u00fcbars and Hermsdorf. Phone 030 - 322 40 39","og_url":"https:\/\/www.schluesseldienstberlin.de\/en\/berlin-reinickendorf","og_site_name":"MELZER GmbH - Ihr Schl\u00fcsseldienst in Berlin","article_modified_time":"2025-01-09T14:27:02+00:00","og_image":[{"width":300,"height":300,"url":"https:\/\/www.schluesseldienstberlin.de\/wp-content\/uploads\/2021\/03\/mobil_img.png","type":"image\/png"}],"twitter_card":"summary_large_image","twitter_misc":{"Est. reading time":"3 minutes"},"schema":{"@context":"https:\/\/schema.org","@graph":[{"@type":"WebPage","@id":"https:\/\/www.schluesseldienstberlin.de\/en\/berlin-reinickendorf","url":"https:\/\/www.schluesseldienstberlin.de\/en\/berlin-reinickendorf","name":"Locksmith Berlin Reinickendorf | Locksmith emergency service","isPartOf":{"@id":"https:\/\/www.schluesseldienstberlin.de\/en#website"},"primaryImageOfPage":{"@id":"https:\/\/www.schluesseldienstberlin.de\/en\/berlin-reinickendorf#primaryimage"},"image":{"@id":"https:\/\/www.schluesseldienstberlin.de\/en\/berlin-reinickendorf#primaryimage"},"thumbnailUrl":"https:\/\/www.schluesseldienstberlin.de\/wp-content\/uploads\/2021\/03\/mobil_img.png","datePublished":"2011-04-12T09:51:14+00:00","dateModified":"2025-01-09T14:27:02+00:00","description":"Locksmith service Berlin Reinickendorf. Fixed price guarantee also for the districts of Wittenau, Tegel, Tegelort, Frohnau, Heiligensee, L\u00fcbars and Hermsdorf. Phone 030 - 322 40 39","breadcrumb":{"@id":"https:\/\/www.schluesseldienstberlin.de\/en\/berlin-reinickendorf#breadcrumb"},"inLanguage":"en-US","potentialAction":[{"@type":"ReadAction","target":["https:\/\/www.schluesseldienstberlin.de\/en\/berlin-reinickendorf"]}]},{"@type":"ImageObject","inLanguage":"en-US","@id":"https:\/\/www.schluesseldienstberlin.de\/en\/berlin-reinickendorf#primaryimage","url":"https:\/\/www.schluesseldienstberlin.de\/wp-content\/uploads\/2021\/03\/mobil_img.png","contentUrl":"https:\/\/www.schluesseldienstberlin.de\/wp-content\/uploads\/2021\/03\/mobil_img.png"},{"@type":"BreadcrumbList","@id":"https:\/\/www.schluesseldienstberlin.de\/en\/berlin-reinickendorf#breadcrumb","itemListElement":[{"@type":"ListItem","position":1,"name":"Startseite","item":"https:\/\/www.schluesseldienstberlin.de\/en"},{"@type":"ListItem","position":2,"name":"Reinickendorf"}]},{"@type":"WebSite","@id":"https:\/\/www.schluesseldienstberlin.de\/en#website","url":"https:\/\/www.schluesseldienstberlin.de\/en","name":"MELZER GmbH - Ihr Schl\u00fcsseldienst in Berlin","description":"Sicherheitstechnik . Mitglied der Handwerkskammer Berlin","potentialAction":[{"@type":"SearchAction","target":{"@type":"EntryPoint","urlTemplate":"https:\/\/www.schluesseldienstberlin.de\/en?s={search_term_string}"},"query-input":{"@type":"PropertyValueSpecification","valueRequired":true,"valueName":"search_term_string"}}],"inLanguage":"en-US"}]}},"_links":{"self":[{"href":"https:\/\/www.schluesseldienstberlin.de\/en\/wp-json\/wp\/v2\/pages\/1269","targetHints":{"allow":["GET"]}}],"collection":[{"href":"https:\/\/www.schluesseldienstberlin.de\/en\/wp-json\/wp\/v2\/pages"}],"about":[{"href":"https:\/\/www.schluesseldienstberlin.de\/en\/wp-json\/wp\/v2\/types\/page"}],"author":[{"embeddable":true,"href":"https:\/\/www.schluesseldienstberlin.de\/en\/wp-json\/wp\/v2\/users\/5"}],"replies":[{"embeddable":true,"href":"https:\/\/www.schluesseldienstberlin.de\/en\/wp-json\/wp\/v2\/comments?post=1269"}],"version-history":[{"count":2,"href":"https:\/\/www.schluesseldienstberlin.de\/en\/wp-json\/wp\/v2\/pages\/1269\/revisions"}],"predecessor-version":[{"id":1271,"href":"https:\/\/www.schluesseldienstberlin.de\/en\/wp-json\/wp\/v2\/pages\/1269\/revisions\/1271"}],"wp:attachment":[{"href":"https:\/\/www.schluesseldienstberlin.de\/en\/wp-json\/wp\/v2\/media?parent=1269"}],"curies":[{"name":"wp","href":"https:\/\/api.w.org\/{rel}","templated":true}]}}