{"id":1291,"date":"2011-03-12T10:21:04","date_gmt":"2011-03-12T09:21:04","guid":{"rendered":"https:\/\/www.schluesseldienstberlin.de\/berlin-spandau"},"modified":"2025-01-09T15:57:07","modified_gmt":"2025-01-09T14:57:07","slug":"berlin-spandau","status":"publish","type":"page","link":"https:\/\/www.schluesseldienstberlin.de\/en\/berlin-spandau","title":{"rendered":"Spandau"},"content":{"rendered":"<h1>Locksmith Service for Berlin Spandau \u2013 Emergency Locksmith Service<\/h1>\n<div id=\"attachment_1054\" style=\"width: 310px\" class=\"wp-caption alignright\"><img loading=\"lazy\" decoding=\"async\" aria-describedby=\"caption-attachment-1054\" src=\"https:\/\/www.schluesseldienstberlin.de\/wp-content\/uploads\/2021\/03\/mobil_img.png\" alt=\"Locksmith Service Berlin Spandau - we come immediately\" width=\"300\" height=\"300\" class=\"alignright size wp-image-1151\" srcset=\"https:\/\/www.schluesseldienstberlin.de\/wp-content\/uploads\/2021\/03\/mobil_img.png 300w, https:\/\/www.schluesseldienstberlin.de\/wp-content\/uploads\/2021\/03\/mobil_img-150x150.png 150w, https:\/\/www.schluesseldienstberlin.de\/wp-content\/uploads\/2021\/03\/mobil_img-200x200.png 200w\" sizes=\"auto, (max-width: 300px) 100vw, 300px\" \/><\/p>\n<p id=\"caption-attachment-1054\" class=\"wp-caption-text\">Locksmith Service Berlin Spandau &#8211; we come immediately<\/p>\n<\/div>\n<p><strong>Locked out? Lost your keys? <\/strong><\/p>\n<p><strong>Are you looking for an experienced locksmith in Spandau who guarantees a fixed price and is reputable?<\/strong><\/p>\n<p><strong>Then call us at 030 \/ 322 40 39<\/strong><\/p>\n<p><strong>Our Guarantee for You in Spandau<\/strong><\/p>\n<ul class=\"znbr\">\n<li>Available 24\/7<\/li>\n<li>Fixed Price Guarantee<\/li>\n<li>Short waiting times<\/li>\n<li>Affordable \/ cheap<\/li>\n<li>Reliable<\/li>\n<li>Reputable<\/li>\n<li>Fixed price over the phone<\/li>\n<li>Member of the Berlin Chamber of Crafts<\/li>\n<\/ul>\n<h2>\nYour Emergency Locksmith Service for Berlin Spandau<\/h2>\n<p>Our emergency locksmith service for Spandau is available 24\/7, 365 days a year. From the old town of Spandau to the districts of Haselhorst, Kladow, Staaken, and Siemensstadt, our locksmith team is at your service. Whether you run a store in the Spandau Arcades or have a rental apartment on Siemensdamm, we are always the right contact for locked doors and security technology.<\/p>\n<p>Security technology is a very important topic in Berlin Spandau as well.<\/p>\n<p>Most burglaries could be prevented with better security technology. Please don&#8217;t wait until it&#8217;s too late. Our security technicians are happy to advise you on-site.<\/p>\n<p><strong>No long waiting times!<\/strong><\/p>\n<p>Regardless of whether you lost your key while shopping on Brunsb\u00fctteler Damm, on Breite Stra\u00dfe, or at Spandau Station, you can reach us around the clock, including on Sundays and holidays. We await your call. We can open a clicked door with 99% security without damage. However, if you have locked your door, we may have to drill out the door cylinder. Of course, we carry all standard cylinders with us on our tours through Berlin Spandau. We only work with reputable lock cylinder manufacturers.<\/p>\n<h3>Our Fixed Price Guarantee in Berlin Spandau<\/h3>\n<p>We always warn against scammers in Spandau! Dubious companies often advertise with bait offers. But in the end, the bill is exorbitantly high. Many hidden costs contribute to this. Our trained staff tries to provide you with an exact price over the phone. With us, there are no hidden costs, only a fixed price. Our customers in Spandau truly appreciate this.<\/p>\n<h3>Emergency Service and Door Opening in Berlin Spandau<\/h3>\n<p>In Berlin Spandau and the associated districts, about 310,000 people live in the postal code areas 13581, 13583, 13585, 13587, 13597, 14052, 14089, 13591, 13593, 13599, 13629. As an emergency locksmith service, we also operate in the districts of Gatow, Kladow, Staaken, Hakenfelde, Haselhorst, Siemensstadt, Falkenhagener Feld, and Wilhelmstadt to perform emergency openings.<\/p>\n<p><strong>How can you pay us?<\/strong><\/p>\n<p>\u2013 <strong>Cash payment<\/strong><br \/>\n\u2013 <strong>By debit card<\/strong><\/p>\n<p><strong>Of course, you only pay when the door is opened!<\/strong><\/p>\n<p>Call us now. We will advise you over the phone at 030 \/ 322 40 39<\/p>\n<p>Your friendly emergency locksmith service for Berlin Spandau for the following streets and postal codes:<\/p>\n<p>Am Juliusturm, Hohenzollernring, Brunsb\u00fctteler Damm, Freiheit, Askanierring, Staakener Stra\u00dfe, Charlottenburger Chaussee, Neuendorfer Stra\u00dfe, Sch\u00f6nwalder Stra\u00dfe, Altonaer Stra\u00dfe, Seegefelder Stra\u00dfe, Sophienwerderweg, Falkenhagener Stra\u00dfe, Falkenseer Damm, Wiesendamm, Flankenschanze, Ruhlebener Stra\u00dfe, Spekteweg, Dorfstra\u00dfe, Fehrbelliner Stra\u00dfe, Klosterstra\u00dfe, Alst\u00e4dter Ring, Lynarstra\u00dfe, Neue Bergstra\u00dfe, Nauener Stra\u00dfe, Elsflether Stra\u00dfe, Breite Stra\u00dfe<\/p>\n<p>The following postal codes apply to Spandau: 13581, 13583, 13585, 13587, 13597, 14052<\/p>\n","protected":false},"excerpt":{"rendered":"","protected":false},"author":5,"featured_media":0,"parent":0,"menu_order":1,"comment_status":"closed","ping_status":"closed","template":"","meta":{"footnotes":""},"class_list":["post-1291","page","type-page","status-publish","hentry"],"yoast_head":"<!-- This site is optimized with the Yoast SEO plugin v24.2 - https:\/\/yoast.com\/wordpress\/plugins\/seo\/ -->\n<title>Locksmith Service Berlin Spandau | Emergency Locksmith Service<\/title>\n<meta name=\"description\" content=\"Locksmith Service Berlin Spandau - and the districts of Gatow, Kladow, Staaken, Hakenfelde, Haselhorst, Siemensstadt, Falkenhagener Feld, and Wilhelmstadt\" \/>\n<meta name=\"robots\" content=\"index, follow, max-snippet:-1, max-image-preview:large, max-video-preview:-1\" \/>\n<link rel=\"canonical\" href=\"https:\/\/www.schluesseldienstberlin.de\/en\/berlin-spandau\" \/>\n<meta property=\"og:locale\" content=\"en_US\" \/>\n<meta property=\"og:type\" content=\"article\" \/>\n<meta property=\"og:title\" content=\"Locksmith Service Berlin Spandau | Emergency Locksmith Service\" \/>\n<meta property=\"og:description\" content=\"Locksmith Service Berlin Spandau - and the districts of Gatow, Kladow, Staaken, Hakenfelde, Haselhorst, Siemensstadt, Falkenhagener Feld, and Wilhelmstadt\" \/>\n<meta property=\"og:url\" content=\"https:\/\/www.schluesseldienstberlin.de\/en\/berlin-spandau\" \/>\n<meta property=\"og:site_name\" content=\"MELZER GmbH - Ihr Schl\u00fcsseldienst in Berlin\" \/>\n<meta property=\"article:modified_time\" content=\"2025-01-09T14:57:07+00:00\" \/>\n<meta property=\"og:image\" content=\"https:\/\/www.schluesseldienstberlin.de\/wp-content\/uploads\/2021\/03\/mobil_img.png\" \/>\n\t<meta property=\"og:image:width\" content=\"300\" \/>\n\t<meta property=\"og:image:height\" content=\"300\" \/>\n\t<meta property=\"og:image:type\" content=\"image\/png\" \/>\n<meta name=\"twitter:card\" content=\"summary_large_image\" \/>\n<meta name=\"twitter:label1\" content=\"Est. reading time\" \/>\n\t<meta name=\"twitter:data1\" content=\"4 minutes\" \/>\n<script type=\"application\/ld+json\" class=\"yoast-schema-graph\">{\"@context\":\"https:\/\/schema.org\",\"@graph\":[{\"@type\":\"WebPage\",\"@id\":\"https:\/\/www.schluesseldienstberlin.de\/en\/berlin-spandau\",\"url\":\"https:\/\/www.schluesseldienstberlin.de\/en\/berlin-spandau\",\"name\":\"Locksmith Service Berlin Spandau | Emergency Locksmith Service\",\"isPartOf\":{\"@id\":\"https:\/\/www.schluesseldienstberlin.de\/en#website\"},\"primaryImageOfPage\":{\"@id\":\"https:\/\/www.schluesseldienstberlin.de\/en\/berlin-spandau#primaryimage\"},\"image\":{\"@id\":\"https:\/\/www.schluesseldienstberlin.de\/en\/berlin-spandau#primaryimage\"},\"thumbnailUrl\":\"https:\/\/www.schluesseldienstberlin.de\/wp-content\/uploads\/2021\/03\/mobil_img.png\",\"datePublished\":\"2011-03-12T09:21:04+00:00\",\"dateModified\":\"2025-01-09T14:57:07+00:00\",\"description\":\"Locksmith Service Berlin Spandau - and the districts of Gatow, Kladow, Staaken, Hakenfelde, Haselhorst, Siemensstadt, Falkenhagener Feld, and Wilhelmstadt\",\"breadcrumb\":{\"@id\":\"https:\/\/www.schluesseldienstberlin.de\/en\/berlin-spandau#breadcrumb\"},\"inLanguage\":\"en-US\",\"potentialAction\":[{\"@type\":\"ReadAction\",\"target\":[\"https:\/\/www.schluesseldienstberlin.de\/en\/berlin-spandau\"]}]},{\"@type\":\"ImageObject\",\"inLanguage\":\"en-US\",\"@id\":\"https:\/\/www.schluesseldienstberlin.de\/en\/berlin-spandau#primaryimage\",\"url\":\"https:\/\/www.schluesseldienstberlin.de\/wp-content\/uploads\/2021\/03\/mobil_img.png\",\"contentUrl\":\"https:\/\/www.schluesseldienstberlin.de\/wp-content\/uploads\/2021\/03\/mobil_img.png\"},{\"@type\":\"BreadcrumbList\",\"@id\":\"https:\/\/www.schluesseldienstberlin.de\/en\/berlin-spandau#breadcrumb\",\"itemListElement\":[{\"@type\":\"ListItem\",\"position\":1,\"name\":\"Startseite\",\"item\":\"https:\/\/www.schluesseldienstberlin.de\/en\"},{\"@type\":\"ListItem\",\"position\":2,\"name\":\"Spandau\"}]},{\"@type\":\"WebSite\",\"@id\":\"https:\/\/www.schluesseldienstberlin.de\/en#website\",\"url\":\"https:\/\/www.schluesseldienstberlin.de\/en\",\"name\":\"MELZER GmbH - Ihr Schl\u00fcsseldienst in Berlin\",\"description\":\"Sicherheitstechnik . Mitglied der Handwerkskammer Berlin\",\"potentialAction\":[{\"@type\":\"SearchAction\",\"target\":{\"@type\":\"EntryPoint\",\"urlTemplate\":\"https:\/\/www.schluesseldienstberlin.de\/en?s={search_term_string}\"},\"query-input\":{\"@type\":\"PropertyValueSpecification\",\"valueRequired\":true,\"valueName\":\"search_term_string\"}}],\"inLanguage\":\"en-US\"}]}<\/script>\n<!-- \/ Yoast SEO plugin. -->","yoast_head_json":{"title":"Locksmith Service Berlin Spandau | Emergency Locksmith Service","description":"Locksmith Service Berlin Spandau - and the districts of Gatow, Kladow, Staaken, Hakenfelde, Haselhorst, Siemensstadt, Falkenhagener Feld, and Wilhelmstadt","robots":{"index":"index","follow":"follow","max-snippet":"max-snippet:-1","max-image-preview":"max-image-preview:large","max-video-preview":"max-video-preview:-1"},"canonical":"https:\/\/www.schluesseldienstberlin.de\/en\/berlin-spandau","og_locale":"en_US","og_type":"article","og_title":"Locksmith Service Berlin Spandau | Emergency Locksmith Service","og_description":"Locksmith Service Berlin Spandau - and the districts of Gatow, Kladow, Staaken, Hakenfelde, Haselhorst, Siemensstadt, Falkenhagener Feld, and Wilhelmstadt","og_url":"https:\/\/www.schluesseldienstberlin.de\/en\/berlin-spandau","og_site_name":"MELZER GmbH - Ihr Schl\u00fcsseldienst in Berlin","article_modified_time":"2025-01-09T14:57:07+00:00","og_image":[{"width":300,"height":300,"url":"https:\/\/www.schluesseldienstberlin.de\/wp-content\/uploads\/2021\/03\/mobil_img.png","type":"image\/png"}],"twitter_card":"summary_large_image","twitter_misc":{"Est. reading time":"4 minutes"},"schema":{"@context":"https:\/\/schema.org","@graph":[{"@type":"WebPage","@id":"https:\/\/www.schluesseldienstberlin.de\/en\/berlin-spandau","url":"https:\/\/www.schluesseldienstberlin.de\/en\/berlin-spandau","name":"Locksmith Service Berlin Spandau | Emergency Locksmith Service","isPartOf":{"@id":"https:\/\/www.schluesseldienstberlin.de\/en#website"},"primaryImageOfPage":{"@id":"https:\/\/www.schluesseldienstberlin.de\/en\/berlin-spandau#primaryimage"},"image":{"@id":"https:\/\/www.schluesseldienstberlin.de\/en\/berlin-spandau#primaryimage"},"thumbnailUrl":"https:\/\/www.schluesseldienstberlin.de\/wp-content\/uploads\/2021\/03\/mobil_img.png","datePublished":"2011-03-12T09:21:04+00:00","dateModified":"2025-01-09T14:57:07+00:00","description":"Locksmith Service Berlin Spandau - and the districts of Gatow, Kladow, Staaken, Hakenfelde, Haselhorst, Siemensstadt, Falkenhagener Feld, and Wilhelmstadt","breadcrumb":{"@id":"https:\/\/www.schluesseldienstberlin.de\/en\/berlin-spandau#breadcrumb"},"inLanguage":"en-US","potentialAction":[{"@type":"ReadAction","target":["https:\/\/www.schluesseldienstberlin.de\/en\/berlin-spandau"]}]},{"@type":"ImageObject","inLanguage":"en-US","@id":"https:\/\/www.schluesseldienstberlin.de\/en\/berlin-spandau#primaryimage","url":"https:\/\/www.schluesseldienstberlin.de\/wp-content\/uploads\/2021\/03\/mobil_img.png","contentUrl":"https:\/\/www.schluesseldienstberlin.de\/wp-content\/uploads\/2021\/03\/mobil_img.png"},{"@type":"BreadcrumbList","@id":"https:\/\/www.schluesseldienstberlin.de\/en\/berlin-spandau#breadcrumb","itemListElement":[{"@type":"ListItem","position":1,"name":"Startseite","item":"https:\/\/www.schluesseldienstberlin.de\/en"},{"@type":"ListItem","position":2,"name":"Spandau"}]},{"@type":"WebSite","@id":"https:\/\/www.schluesseldienstberlin.de\/en#website","url":"https:\/\/www.schluesseldienstberlin.de\/en","name":"MELZER GmbH - Ihr Schl\u00fcsseldienst in Berlin","description":"Sicherheitstechnik . Mitglied der Handwerkskammer Berlin","potentialAction":[{"@type":"SearchAction","target":{"@type":"EntryPoint","urlTemplate":"https:\/\/www.schluesseldienstberlin.de\/en?s={search_term_string}"},"query-input":{"@type":"PropertyValueSpecification","valueRequired":true,"valueName":"search_term_string"}}],"inLanguage":"en-US"}]}},"_links":{"self":[{"href":"https:\/\/www.schluesseldienstberlin.de\/en\/wp-json\/wp\/v2\/pages\/1291","targetHints":{"allow":["GET"]}}],"collection":[{"href":"https:\/\/www.schluesseldienstberlin.de\/en\/wp-json\/wp\/v2\/pages"}],"about":[{"href":"https:\/\/www.schluesseldienstberlin.de\/en\/wp-json\/wp\/v2\/types\/page"}],"author":[{"embeddable":true,"href":"https:\/\/www.schluesseldienstberlin.de\/en\/wp-json\/wp\/v2\/users\/5"}],"replies":[{"embeddable":true,"href":"https:\/\/www.schluesseldienstberlin.de\/en\/wp-json\/wp\/v2\/comments?post=1291"}],"version-history":[{"count":2,"href":"https:\/\/www.schluesseldienstberlin.de\/en\/wp-json\/wp\/v2\/pages\/1291\/revisions"}],"predecessor-version":[{"id":1293,"href":"https:\/\/www.schluesseldienstberlin.de\/en\/wp-json\/wp\/v2\/pages\/1291\/revisions\/1293"}],"wp:attachment":[{"href":"https:\/\/www.schluesseldienstberlin.de\/en\/wp-json\/wp\/v2\/media?parent=1291"}],"curies":[{"name":"wp","href":"https:\/\/api.w.org\/{rel}","templated":true}]}}